{"id":3976,"date":"2024-09-30T18:22:23","date_gmt":"2024-09-30T16:22:23","guid":{"rendered":"https:\/\/helfezi.swiss\/?page_id=3976"},"modified":"2024-09-30T18:34:41","modified_gmt":"2024-09-30T16:34:41","slug":"liability-disclaimer","status":"publish","type":"page","link":"https:\/\/helfezi.swiss\/de\/liability-disclaimer\/","title":{"rendered":"Haftungsausschuss"},"content":{"rendered":"<div data-elementor-type=\"wp-page\" data-elementor-id=\"3976\" class=\"elementor elementor-3976\" data-elementor-post-type=\"page\">\n\t\t\t\t<div class=\"elementor-element elementor-element-5d7e5b6 e-flex e-con-boxed e-con e-parent\" data-id=\"5d7e5b6\" data-element_type=\"container\" data-e-type=\"container\">\n\t\t\t\t\t<div class=\"e-con-inner\">\n\t\t\t\t<div class=\"elementor-element elementor-element-816a208 elementor-widget elementor-widget-heading\" data-id=\"816a208\" data-element_type=\"widget\" data-e-type=\"widget\" data-widget_type=\"heading.default\">\n\t\t\t\t<div class=\"elementor-widget-container\">\n\t\t\t\t\t<h2 class=\"elementor-heading-title elementor-size-default\">Haftungsausschuss<\/h2>\t\t\t\t<\/div>\n\t\t\t\t<\/div>\n\t\t\t\t<div class=\"elementor-element elementor-element-7ed459b elementor-widget elementor-widget-text-editor\" data-id=\"7ed459b\" data-element_type=\"widget\" data-e-type=\"widget\" data-widget_type=\"text-editor.default\">\n\t\t\t\t<div class=\"elementor-widget-container\">\n\t\t\t\t\t\t\t\t\t<p>Die Informationen auf dieser Website sind als \u201eeigene Aussagen\u201c ohne jegliche implizite Garantien zu verstehen. Die bereitgestellten Informationen auf dieser Website wurden sorgf\u00e4ltig gepr\u00fcft und werden regelm\u00e4\u00dfig aktualisiert. Trotzdem wird jede Garantie\/Haftung daf\u00fcr, dass alle Angaben zu jeder Zeit vollst\u00e4ndig, richtig und in letzter Aktualit\u00e4t dargestellt sind, ausgeschlossen. Dies gilt insbesondere f\u00fcr alle direkten und indirekten Links zu anderen Websites. Alle Angaben k\u00f6nnen ohne vorherige Ank\u00fcndigung erg\u00e4nzt, entfernt oder ge\u00e4ndert werden.<\/p><p>Es liegt auch nicht in unserer Verantwortung, Vorkehrungen gegen destruktive Programme oder Programmelemente wie Viren, W\u00fcrmer, Trojaner oder \u00e4hnliches auf Webservern zu treffen, auf die \u00fcber Links von unserer Website zugegriffen werden kann.<\/p>\t\t\t\t\t\t\t\t<\/div>\n\t\t\t\t<\/div>\n\t\t\t\t\t<\/div>\n\t\t\t\t<\/div>\n\t\t\t\t<\/div>","protected":false},"excerpt":{"rendered":"<p>Liability Disclaimer The information on this website should be understood as \u201cstatements in their own right\u201d without any kind of implicit guarantees. The information provided on this website has been carefully checked and is regularly updated. Despite this, any guarantee\/liability that all of the information is complete, accurate and fully up to date at all [&hellip;]<\/p>\n","protected":false},"author":1,"featured_media":0,"parent":0,"menu_order":0,"comment_status":"closed","ping_status":"closed","template":"","meta":{"footnotes":""},"class_list":["post-3976","page","type-page","status-publish","hentry"],"_links":{"self":[{"href":"https:\/\/helfezi.swiss\/de\/wp-json\/wp\/v2\/pages\/3976","targetHints":{"allow":["GET"]}}],"collection":[{"href":"https:\/\/helfezi.swiss\/de\/wp-json\/wp\/v2\/pages"}],"about":[{"href":"https:\/\/helfezi.swiss\/de\/wp-json\/wp\/v2\/types\/page"}],"author":[{"embeddable":true,"href":"https:\/\/helfezi.swiss\/de\/wp-json\/wp\/v2\/users\/1"}],"replies":[{"embeddable":true,"href":"https:\/\/helfezi.swiss\/de\/wp-json\/wp\/v2\/comments?post=3976"}],"version-history":[{"count":16,"href":"https:\/\/helfezi.swiss\/de\/wp-json\/wp\/v2\/pages\/3976\/revisions"}],"predecessor-version":[{"id":3993,"href":"https:\/\/helfezi.swiss\/de\/wp-json\/wp\/v2\/pages\/3976\/revisions\/3993"}],"wp:attachment":[{"href":"https:\/\/helfezi.swiss\/de\/wp-json\/wp\/v2\/media?parent=3976"}],"curies":[{"name":"wp","href":"https:\/\/api.w.org\/{rel}","templated":true}]}}